{"id":119,"date":"2023-04-29T05:01:29","date_gmt":"2023-04-29T03:01:29","guid":{"rendered":"https:\/\/cassandradupiereux.com\/?page_id=119"},"modified":"2023-10-30T16:20:55","modified_gmt":"2023-10-30T15:20:55","slug":"entreprises","status":"publish","type":"page","link":"https:\/\/cassandradupiereux.com\/index.php\/entreprises\/","title":{"rendered":"Entreprises"},"content":{"rendered":"\n<div class=\"wp-block-cover alignfull has-parallax is-repeated has-custom-content-position is-position-top-left is-style-default\" style=\"margin-top:0;padding-top:5vw;padding-right:5vw;padding-bottom:5vw;padding-left:5vw;min-height:263px;aspect-ratio:unset;\"><span aria-hidden=\"true\" class=\"wp-block-cover__background has-background-dim-70 has-background-dim\" style=\"background-color:#141414\"><\/span><div role=\"img\" class=\"wp-block-cover__image-background wp-image-447 has-parallax is-repeated\" style=\"background-position:52% 89%;background-image:url(https:\/\/cassandradupiereux.com\/wp-content\/uploads\/2023\/10\/Bister2.jpg)\"><\/div><div class=\"wp-block-cover__inner-container is-layout-flow wp-block-cover-is-layout-flow\">\n<div class=\"wp-block-group wp-container-content-9cfa9a5a is-vertical is-nowrap is-layout-flex wp-container-core-group-is-layout-2890af74 wp-block-group-is-layout-flex\">\n<h2 class=\"wp-block-heading has-text-align-center is-style-default has-medium-large-font-size\">Vous franchissez une \u00e9tape importante au sein de votre entreprise, ou vous souhaitez une meilleure visibilit\u00e9 concernant votre activit\u00e9?<\/h2>\n<\/div>\n<\/div><\/div>\n\n\n\n<h2 class=\"wp-block-heading has-text-align-center\">Ils m&#8217;ont d\u00e9j\u00e0 fait confiance<\/h2>\n\n\n\n<ul class=\"wp-block-list\">\n<li>La moutarderie Bister, pour son inauguration \u00e0 Ach\u00eane.<\/li>\n\n\n\n<li>L&#8217;Abbaye de Maredsous, pour son march\u00e9 de No\u00ebl. <\/li>\n\n\n\n<li>Les jardins d&#8217;Annevoie, pour ses \u00e9v\u00e9nements saisonniers durant plusieurs ann\u00e9es.<\/li>\n\n\n\n<li>La ville de Dinant, pour promouvoir ses activit\u00e9s et son tourisme.<\/li>\n\n\n\n<li>DSP Automotive, pour documenter une m\u00e9thode de carrossage particuli\u00e8re.<\/li>\n\n\n\n<li style=\"font-style:normal;font-weight:700\">Vous? <\/li>\n<\/ul>\n\n\n\n<div class=\"wp-block-group alignwide has-background-light-background-color has-background is-layout-constrained wp-container-core-group-is-layout-5a4acd48 wp-block-group-is-layout-constrained\" style=\"padding-top:38px;padding-bottom:38px\">\n<div class=\"wp-block-columns is-layout-flex wp-container-core-columns-is-layout-926afd96 wp-block-columns-is-layout-flex\">\n<div class=\"wp-block-column is-layout-flow wp-block-column-is-layout-flow\" style=\"flex-basis:40%\">\n<div class=\"wp-block-cover has-custom-content-position is-position-bottom-left is-style-default\" style=\"margin-top:0;margin-bottom:40px;padding-bottom:20px;padding-left:0px;min-height:550px;aspect-ratio:unset;\"><span aria-hidden=\"true\" class=\"wp-block-cover__background has-background-dim-0 has-background-dim\"><\/span><img loading=\"lazy\" decoding=\"async\" width=\"1204\" height=\"1806\" class=\"wp-block-cover__image-background wp-image-449\" alt=\"\" src=\"https:\/\/cassandradupiereux.com\/wp-content\/uploads\/2023\/10\/CD_Portfolio-17.jpg\" data-object-fit=\"cover\" srcset=\"https:\/\/cassandradupiereux.com\/wp-content\/uploads\/2023\/10\/CD_Portfolio-17.jpg 1204w, https:\/\/cassandradupiereux.com\/wp-content\/uploads\/2023\/10\/CD_Portfolio-17-200x300.jpg 200w, https:\/\/cassandradupiereux.com\/wp-content\/uploads\/2023\/10\/CD_Portfolio-17-683x1024.jpg 683w, https:\/\/cassandradupiereux.com\/wp-content\/uploads\/2023\/10\/CD_Portfolio-17-768x1152.jpg 768w, https:\/\/cassandradupiereux.com\/wp-content\/uploads\/2023\/10\/CD_Portfolio-17-1024x1536.jpg 1024w, https:\/\/cassandradupiereux.com\/wp-content\/uploads\/2023\/10\/CD_Portfolio-17-1170x1755.jpg 1170w\" sizes=\"auto, (max-width: 1204px) 100vw, 1204px\" \/><div class=\"wp-block-cover__inner-container is-layout-flow wp-block-cover-is-layout-flow\">\n<div class=\"wp-block-group is-content-justification-left is-layout-constrained wp-container-core-group-is-layout-cda3b075 wp-block-group-is-layout-constrained\">\n<div class=\"wp-block-group has-background-background-color has-background is-layout-flex wp-container-core-group-is-layout-d745e8ae wp-block-group-is-layout-flex\" style=\"border-top-right-radius:5px;border-bottom-right-radius:5px;padding-top:28px;padding-bottom:28px\">\n<h3 class=\"wp-block-heading has-primary-color has-text-color\" style=\"font-size:2.5rem\">On tente? <\/h3>\n<\/div>\n<\/div>\n<\/div><\/div>\n<\/div>\n\n\n\n<div class=\"wp-block-column is-layout-flow wp-block-column-is-layout-flow\">\n<h2 class=\"wp-block-heading has-large-font-size\" style=\"margin-bottom:32px\">Ma m\u00e9thode<\/h2>\n\n\n\n<p>J\u2019accorde une importante particuli\u00e8re \u00e0 la communication avec les personnes pr\u00e9sentes afin de pouvoir montrer votre entreprise sous son meilleur jour.<\/p>\n\n\n\n<div class=\"wp-block-group is-layout-constrained wp-container-core-group-is-layout-5d20d09d wp-block-group-is-layout-constrained\" style=\"margin-bottom:48px\">\n<div class=\"wp-block-group is-nowrap is-layout-flex wp-container-core-group-is-layout-80ff1510 wp-block-group-is-layout-flex\">\n<p class=\"has-text-regular-color has-text-color\">\u2714 Rencontre en amont pour s&#8217;accorder sur vos besoins<\/p>\n<\/div>\n\n\n\n<div class=\"wp-block-group is-nowrap is-layout-flex wp-container-core-group-is-layout-80ff1510 wp-block-group-is-layout-flex\">\n<p><span class=\"JCzEY ZwRhJd\"><span class=\"CSkcDe\">\u2714 <\/span><\/span>Discr\u00e9tion ou Audace, vous choisissez!<\/p>\n<\/div>\n\n\n\n<div class=\"wp-block-group is-nowrap is-layout-flex wp-container-core-group-is-layout-80ff1510 wp-block-group-is-layout-flex\">\n<p>\u2714 Vous recevez les images au format adapt\u00e9 \u00e0 leur future utilisation. <\/p>\n<\/div>\n<\/div>\n\n\n\n<div class=\"wp-block-buttons is-layout-flex wp-block-buttons-is-layout-flex\">\n<div class=\"wp-block-button\"><a class=\"wp-block-button__link wp-element-button\" href=\"https:\/\/cassandradupiereux.com\/index.php\/devis\/\">Demander un devis<\/a><\/div>\n<\/div>\n<\/div>\n<\/div>\n<\/div>\n","protected":false},"excerpt":{"rendered":"<p>Ils m&#8217;ont d\u00e9j\u00e0 fait confiance Ma m\u00e9thode J\u2019accorde une importante particuli\u00e8re \u00e0 la communication avec les personnes pr\u00e9sentes afin de pouvoir montrer votre entreprise sous son meilleur jour. \u2714 Rencontre en amont pour s&#8217;accorder sur vos besoins \u2714 Discr\u00e9tion ou Audace, vous choisissez! \u2714 Vous recevez les images au format adapt\u00e9 \u00e0 leur future utilisation.<\/p>\n","protected":false},"author":1,"featured_media":0,"parent":0,"menu_order":0,"comment_status":"closed","ping_status":"closed","template":"","meta":{"footnotes":""},"class_list":["post-119","page","type-page","status-publish","hentry"],"_links":{"self":[{"href":"https:\/\/cassandradupiereux.com\/index.php\/wp-json\/wp\/v2\/pages\/119","targetHints":{"allow":["GET"]}}],"collection":[{"href":"https:\/\/cassandradupiereux.com\/index.php\/wp-json\/wp\/v2\/pages"}],"about":[{"href":"https:\/\/cassandradupiereux.com\/index.php\/wp-json\/wp\/v2\/types\/page"}],"author":[{"embeddable":true,"href":"https:\/\/cassandradupiereux.com\/index.php\/wp-json\/wp\/v2\/users\/1"}],"replies":[{"embeddable":true,"href":"https:\/\/cassandradupiereux.com\/index.php\/wp-json\/wp\/v2\/comments?post=119"}],"version-history":[{"count":14,"href":"https:\/\/cassandradupiereux.com\/index.php\/wp-json\/wp\/v2\/pages\/119\/revisions"}],"predecessor-version":[{"id":450,"href":"https:\/\/cassandradupiereux.com\/index.php\/wp-json\/wp\/v2\/pages\/119\/revisions\/450"}],"wp:attachment":[{"href":"https:\/\/cassandradupiereux.com\/index.php\/wp-json\/wp\/v2\/media?parent=119"}],"curies":[{"name":"wp","href":"https:\/\/api.w.org\/{rel}","templated":true}]}}