{"id":286,"date":"2023-05-13T02:32:37","date_gmt":"2023-05-13T00:32:37","guid":{"rendered":"https:\/\/cassandradupiereux.com\/?page_id=286"},"modified":"2023-11-07T17:40:57","modified_gmt":"2023-11-07T16:40:57","slug":"about-me","status":"publish","type":"page","link":"https:\/\/cassandradupiereux.com\/index.php\/about-me\/","title":{"rendered":"About me."},"content":{"rendered":"\n<div class=\"wp-block-cover alignfull is-light has-parallax is-repeated is-style-default has-medium-large-font-size\" style=\"padding-top:0;padding-right:0;padding-bottom:0;padding-left:0;min-height:173px;aspect-ratio:unset;\"><span aria-hidden=\"true\" class=\"wp-block-cover__background has-background-dim\"><\/span><div role=\"img\" class=\"wp-block-cover__image-background wp-image-20 has-parallax is-repeated\" style=\"background-position:83% 85%;background-image:url(https:\/\/cassandradupiereux.com\/wp-content\/uploads\/2023\/02\/Day2_AlpineRoad-23-scaled.jpg)\"><\/div><div class=\"wp-block-cover__inner-container is-layout-flow wp-block-cover-is-layout-flow\">\n<h2 class=\"wp-block-heading has-text-align-center has-background-color has-text-color has-medium-font-size\"><em>&#8220;L&#8217;\u0153il, le cerveau, le c\u0153ur.&#8221;<\/em><\/h2>\n<\/div><\/div>\n\n\n\n<div class=\"wp-block-group is-layout-flow wp-block-group-is-layout-flow\">\n<div class=\"wp-block-columns are-vertically-aligned-center is-layout-flex wp-container-core-columns-is-layout-d2ca7aa4 wp-block-columns-is-layout-flex\">\n<div class=\"wp-block-column is-vertically-aligned-center is-layout-flow wp-block-column-is-layout-flow\" style=\"flex-basis:66.66%\">\n<h2 class=\"wp-block-heading\">Pourquoi, comment? <\/h2>\n<\/div>\n<\/div>\n<\/div>\n\n\n\n<p class=\"has-text-align-left\">Une vieille porte de grenier entrouverte, des escaliers en bois qui grincent sous mes pas. Ce chemin commence par l&#8217;\u00e9lan de curiosit\u00e9 d&#8217;un enfant un jour de vacances d&#8217;\u00e9t\u00e9. <\/p>\n\n\n\n<p class=\"has-text-align-left\">Les artistes de la famille ont toujours fait partie du paysage dans lequel j&#8217;ai grandit, des musiciens aux peintres, des bricoleurs aux inventeurs, la t\u00eate dans les nuages, \u00e0 toujours essayer de contourner les r\u00e8gles ou \u00e0 les r\u00e9-inventer. Mais le personnage qui m&#8217;as le plus influenc\u00e9 jusqu&#8217;ici est &#8220;le photographe&#8221;. J&#8217;ai pouss\u00e9 la porte du grenier, et j&#8217;ai d\u00e9couvert un monde infini de possibilit\u00e9s. Mon imagination, jusqu&#8217;\u00e0 pr\u00e9sent cantonn\u00e9e \u00e0 ma boite cr\u00e2nienne, pouvait enfin prendre vie gr\u00e2ce \u00e0 ce petit boitier aux r\u00e9glages un peu rouill\u00e9s.<\/p>\n\n\n\n<figure class=\"wp-block-image aligncenter size-large is-resized is-style-rounded\"><img loading=\"lazy\" decoding=\"async\" width=\"1024\" height=\"666\" src=\"https:\/\/cassandradupiereux.com\/wp-content\/uploads\/2023\/11\/CDU1-1024x666.jpg\" alt=\"\" class=\"wp-image-460\" style=\"aspect-ratio:1.5375375375375375;width:375px;height:auto\" srcset=\"https:\/\/cassandradupiereux.com\/wp-content\/uploads\/2023\/11\/CDU1-1024x666.jpg 1024w, https:\/\/cassandradupiereux.com\/wp-content\/uploads\/2023\/11\/CDU1-300x195.jpg 300w, https:\/\/cassandradupiereux.com\/wp-content\/uploads\/2023\/11\/CDU1-768x499.jpg 768w, https:\/\/cassandradupiereux.com\/wp-content\/uploads\/2023\/11\/CDU1-1536x998.jpg 1536w, https:\/\/cassandradupiereux.com\/wp-content\/uploads\/2023\/11\/CDU1-1170x761.jpg 1170w, https:\/\/cassandradupiereux.com\/wp-content\/uploads\/2023\/11\/CDU1.jpg 1600w\" sizes=\"auto, (max-width: 1024px) 100vw, 1024px\" \/><\/figure>\n\n\n\n<div class=\"wp-block-columns is-layout-flex wp-container-core-columns-is-layout-28f84493 wp-block-columns-is-layout-flex\">\n<div class=\"wp-block-column is-layout-flow wp-block-column-is-layout-flow\" style=\"flex-basis:100%\">\n<h2 class=\"wp-block-heading\">Les exp\u00e9riences<\/h2>\n\n\n\n<p>Un peu d&#8217;argentique et de chambre noire pour d\u00e9buter, un appareil compact bon march\u00e9, la famille, des amis. <\/p>\n\n\n\n<p>Apr\u00e8s 2 ans d&#8217;\u00e9tudes \u00e0 l&#8217;IATA Namur, un stage au Conseil de l&#8217;union Europ\u00e9enne \u00e0 Bruxelles et une mention en poche, je me suis dirig\u00e9e vers la photographie \u00e9v\u00e9nementielle, en r\u00e9alisant des reportages pour la r\u00e9gion de Namur et Dinant, principalement dans le domaine touristique. Ce faisant, j&#8217;ai pu rencontrer nombre de personnalit\u00e9s souhaitant mettre en avant leur activit\u00e9. Me voil\u00e0 \u00e0 l&#8217;inauguration de la moutarderie Bister, chez un carrossier ind\u00e9pendant a documenter un proc\u00e9d\u00e9 particulier, \u00e0 chercher d\u00e9sesp\u00e9r\u00e9ment un mouchoir pour s\u00e9cher les larmes de stress d&#8217;une future mari\u00e9e, bref, tout m&#8217;int\u00e9resse, d\u00e8s que l&#8217;humain est pr\u00e9sent dans son environnement. \ud83d\ude42<\/p>\n\n\n\n<p><\/p>\n<\/div>\n<\/div>\n\n\n\n<figure class=\"wp-block-image aligncenter size-large is-resized is-style-rounded\"><img loading=\"lazy\" decoding=\"async\" width=\"846\" height=\"1024\" src=\"https:\/\/cassandradupiereux.com\/wp-content\/uploads\/2023\/11\/CDU2-846x1024.jpg\" alt=\"\" class=\"wp-image-461\" style=\"aspect-ratio:0.826171875;width:244px;height:auto\" srcset=\"https:\/\/cassandradupiereux.com\/wp-content\/uploads\/2023\/11\/CDU2-846x1024.jpg 846w, https:\/\/cassandradupiereux.com\/wp-content\/uploads\/2023\/11\/CDU2-248x300.jpg 248w, https:\/\/cassandradupiereux.com\/wp-content\/uploads\/2023\/11\/CDU2-768x929.jpg 768w, https:\/\/cassandradupiereux.com\/wp-content\/uploads\/2023\/11\/CDU2-1270x1536.jpg 1270w, https:\/\/cassandradupiereux.com\/wp-content\/uploads\/2023\/11\/CDU2-1170x1416.jpg 1170w, https:\/\/cassandradupiereux.com\/wp-content\/uploads\/2023\/11\/CDU2.jpg 1415w\" sizes=\"auto, (max-width: 846px) 100vw, 846px\" \/><\/figure>\n\n\n\n<div class=\"wp-block-group is-layout-constrained wp-block-group-is-layout-constrained\">\n<div class=\"wp-block-columns is-layout-flex wp-container-core-columns-is-layout-28f84493 wp-block-columns-is-layout-flex\">\n<div class=\"wp-block-column is-layout-flow wp-block-column-is-layout-flow\" style=\"flex-basis:66.66%\">\n<h2 class=\"wp-block-heading\">Et maintenant?<\/h2>\n<\/div>\n<\/div>\n<\/div>\n\n\n\n<p class=\"has-text-align-left\">Apr\u00e8s \u00eatre mont\u00e9e \u00e0 la capitale Belge pour \u00e9tudier le Cin\u00e9ma, quelques courts m\u00e9trages et beaucoup de f\u00eates \u00e9tudiantes, ma raison me rattrape. &#8220;Est ce que je veux vraiment payer mon loyer avec ce travail pour le reste de mes jours?&#8221;<\/p>\n\n\n\n<p class=\"has-text-align-left\">Quelques ann\u00e9es plus tard, j&#8217;adopte Li\u00e8ge, me perds quelques temps dans ses rues pav\u00e9es, et fini par trouver ce que je ne cherchait pas.  Nocturne de nature, me voil\u00e0 en temps plein de nuit. Curieuse depuis la 1ere phrase de cette page, me voil\u00e0 plong\u00e9e dans mes syst\u00e8mes informatiques sinueux et impr\u00e9visibles. <\/p>\n\n\n\n<p class=\"has-text-align-center\">Je continue dor\u00e9navant mon activit\u00e9 de photographe pour le plaisir, et non plus par n\u00e9cessit\u00e9. \ud83d\ude42 Je ne sais pas ou ce chemin me m\u00e8nera, mais si vous souhaitez immortaliser un moment du v\u00f4tre, grimpez les escaliers en bois grin\u00e7ant et n&#8217;h\u00e9sitez pas \u00e0 pousser la porte&#8230;  <\/p>\n\n\n\n<h4 class=\"wp-block-heading has-text-align-center\">Malgr\u00e9 mes horaires particuliers, je peux me rendre disponible tr\u00e8s facilement, n&#8217;h\u00e9sitez pas \u00e0 me joindre pour synchroniser nos disponibilit\u00e9s. <\/h4>\n\n\n\n<div class=\"wp-block-buttons is-content-justification-center is-layout-flex wp-container-core-buttons-is-layout-a89b3969 wp-block-buttons-is-layout-flex\">\n<div class=\"wp-block-button is-style-fill\"><a class=\"wp-block-button__link wp-element-button\" href=\"https:\/\/cassandradupiereux.com\/index.php\/contact\">Me contacter<\/a><\/div>\n<\/div>\n","protected":false},"excerpt":{"rendered":"<p>Pourquoi, comment? Une vieille porte de grenier entrouverte, des escaliers en bois qui grincent sous mes pas. Ce chemin commence par l&#8217;\u00e9lan de curiosit\u00e9 d&#8217;un enfant un jour de vacances d&#8217;\u00e9t\u00e9. Les artistes de la famille ont toujours fait partie du paysage dans lequel j&#8217;ai grandit, des musiciens aux peintres, des bricoleurs aux inventeurs, la [&hellip;]<\/p>\n","protected":false},"author":1,"featured_media":0,"parent":0,"menu_order":0,"comment_status":"closed","ping_status":"closed","template":"","meta":{"footnotes":""},"class_list":["post-286","page","type-page","status-publish","hentry"],"_links":{"self":[{"href":"https:\/\/cassandradupiereux.com\/index.php\/wp-json\/wp\/v2\/pages\/286","targetHints":{"allow":["GET"]}}],"collection":[{"href":"https:\/\/cassandradupiereux.com\/index.php\/wp-json\/wp\/v2\/pages"}],"about":[{"href":"https:\/\/cassandradupiereux.com\/index.php\/wp-json\/wp\/v2\/types\/page"}],"author":[{"embeddable":true,"href":"https:\/\/cassandradupiereux.com\/index.php\/wp-json\/wp\/v2\/users\/1"}],"replies":[{"embeddable":true,"href":"https:\/\/cassandradupiereux.com\/index.php\/wp-json\/wp\/v2\/comments?post=286"}],"version-history":[{"count":19,"href":"https:\/\/cassandradupiereux.com\/index.php\/wp-json\/wp\/v2\/pages\/286\/revisions"}],"predecessor-version":[{"id":488,"href":"https:\/\/cassandradupiereux.com\/index.php\/wp-json\/wp\/v2\/pages\/286\/revisions\/488"}],"wp:attachment":[{"href":"https:\/\/cassandradupiereux.com\/index.php\/wp-json\/wp\/v2\/media?parent=286"}],"curies":[{"name":"wp","href":"https:\/\/api.w.org\/{rel}","templated":true}]}}