{"id":72,"date":"2023-04-21T02:29:57","date_gmt":"2023-04-21T00:29:57","guid":{"rendered":"https:\/\/cassandradupiereux.com\/?page_id=72"},"modified":"2023-11-07T17:42:16","modified_gmt":"2023-11-07T16:42:16","slug":"weddings","status":"publish","type":"page","link":"https:\/\/cassandradupiereux.com\/index.php\/weddings\/","title":{"rendered":"Weddings"},"content":{"rendered":"\n<hr class=\"wp-block-separator has-css-opacity is-style-default\"\/>\n\n\n\n<div class=\"wp-block-group is-layout-flow wp-block-group-is-layout-flow\">\n<div class=\"wp-block-cover aligncenter has-parallax ona-hero is-style-ona-stroke-frame wp-duotone-unset-1\" style=\"min-height:282px;aspect-ratio:unset;\"><span aria-hidden=\"true\" class=\"wp-block-cover__background has-background-dim-60 has-background-dim\" style=\"background-color:#111111\"><\/span><div role=\"img\" class=\"wp-block-cover__image-background wp-image-478 has-parallax\" style=\"background-position:50% 50%;background-image:url(https:\/\/cassandradupiereux.com\/wp-content\/uploads\/2023\/11\/72340.jpg)\"><\/div><div class=\"wp-block-cover__inner-container is-layout-flow wp-block-cover-is-layout-flow\">\n<div class=\"wp-block-group is-layout-constrained wp-container-core-group-is-layout-7bec18b8 wp-block-group-is-layout-constrained\">\n<h1 class=\"wp-block-heading has-text-align-center has-background-color has-text-color has-alt-font-family has-x-large-font-size\" id=\"hello-i-m-ona-and-this-is-my-personal-travel-journal\">Today, is your day!<\/h1>\n<\/div>\n<\/div><\/div>\n<\/div>\n\n\n\n<blockquote class=\"wp-block-quote has-text-align-center is-style-large is-style-default is-layout-flow wp-block-quote-is-layout-flow\" style=\"font-style:normal;font-weight:100\">\n<p class=\"has-medium-font-size\">Vous avez d\u00e9cid\u00e9 de franchir le pas? \ud83d\udc8d<br>Je vous propose d\u2019immortaliser cette journ\u00e9e si<br>particuli\u00e8re, en vous suivant lors des diff\u00e9rentes<br>\u00e9tapes de la journ\u00e9e.<br>Vos invit\u00e9s pourront pleinement profiter de<br>l\u2019\u00e9v\u00e9nement, car je serai l\u00e0 pour capter ces<br>petits (et grands!) moments qui marquent une<br>\u00e9tape importante de votre vie de couple!<br>Libre \u00e0 vous, par la suite, de donner la forme<br>que vous souhaitez aux images prises lors de<br>cet \u00e9v\u00e9nement si particulier\u2026<\/p>\n\n\n\n<p>\ud83d\udc8c<\/p>\n<cite>N&#8217;h\u00e9sitez pas \u00e0 me contacter, le devis est gratuit. <\/cite><\/blockquote>\n\n\n\n<div class=\"wp-block-group ona-container is-layout-constrained wp-block-group-is-layout-constrained\" style=\"padding-top:100px;padding-bottom:20px\">\n<h2 class=\"wp-block-heading has-text-align-center is-style-ona-alt-font has-headings-font-family\" id=\"my-art\">Ils m&#8217;ont fait confiance<\/h2>\n\n\n\n<style id=\"bwg-style-0\">      #bwg_container1_0 #bwg_container2_0 .bwg_masonry_thumb_0 {        text-align: center;        display: inline-block;        vertical-align: middle;      \t          width: 100% !important;;      \t        margin: 0;        opacity: 1.00;      }\t\t\t\t\t\t      #bwg_container1_0 #bwg_container2_0 .bwg-container-0.bwg-masonry-thumbnails .bwg-item,      #bwg_container1_0 #bwg_container2_0 .bwg-container-temp0.bwg-masonry-thumbnails .bwg-item {        padding: calc(4px \/ 2);\t\t\t\t      }      #bwg_container1_0 #bwg_container2_0 .bwg-container-0.bwg-masonry-thumbnails .bwg-item0 {      \t        background-color:rgba(0,0,0, 0.30);        border: 0px none #CCCCCC;\t\t\t\topacity: 1.00;        border-radius: 0;      }      #bwg_container1_0 #bwg_container2_0 .bwg-container-0.bwg-masonry-thumbnails .bwg-item1 img {        max-height: none;\t\t\t\t        \tmax-width: calc(600px + (4px + 0px));\t\t\t\t      }\t\t\t\t\t\t\t@media only screen and (min-width: 480px) {\t\t\t\t\t#bwg_container1_0 #bwg_container2_0 .bwg-container-0.bwg-masonry-thumbnails .bwg-item1 img {\t\t\t\t\t\t-webkit-transition: -webkit-transform .3s; transition: transform .3s;\t\t\t\t\t}\t\t\t\t\t#bwg_container1_0 #bwg_container2_0 .bwg-container-0.bwg-masonry-thumbnails .bwg-item1 img:hover {\t\t\t\t\t\t-ms-transform: scale(1.08);\t\t\t\t\t\t-webkit-transform: scale(1.08);\t\t\t\t\t\ttransform: scale(1.08);\t\t\t\t\t}\t\t\t\t\t\t\t\t\t\t\t.bwg-masonry-thumbnails .bwg-zoom-effect .bwg-zoom-effect-overlay {\t\t\t\t\t\t\t\t\t\t\t\t\t\tbackground-color:rgba(0,0,0, 0.3);\t\t\t\t\t\t}\t\t\t\t\t\t.bwg-masonry-thumbnails .bwg-zoom-effect:hover img {\t\t\t\t\t\t\t-ms-transform: scale(1.08);\t\t\t\t\t\t\t-webkit-transform: scale(1.08);\t\t\t\t\t\t\ttransform: scale(1.08);\t\t\t\t\t\t}\t\t\t\t\t\t\t\t\t}\t\t\t\t\t\t\t\t\t#bwg_container1_0 #bwg_container2_0 .bwg-container-0.bwg-masonry-thumbnails .bwg-title1 {\t\t\t\tposition: absolute;\t\t\t\ttop: 0;\t\t\t\tz-index: 100;\t\t\t\twidth: 100%;\t\t\t\theight: 100%;\t\t\t\tdisplay: flex;\t\t\t\tjustify-content: center;\t\t\t\talign-content: center;\t\t\t\tflex-direction: column;\t\t\t\topacity: 0;\t\t\t}\t  \t\t\t#bwg_container1_0 #bwg_container2_0 .bwg-container-0.bwg-masonry-thumbnails .bwg-title2,\t\t\t#bwg_container1_0 #bwg_container2_0 .bwg-container-temp0.bwg-masonry-thumbnails .bwg-title2,\t\t\t#bwg_container1_0 #bwg_container2_0 .bwg-container-0.bwg-masonry-thumbnails .bwg-play-icon2,\t\t\t#bwg_container1_0 #bwg_container2_0 .bwg-container-0.bwg-masonry-thumbnails .bwg-ecommerce2 {\t\t\t\tmax-height: 100%;\t\t\t\tpadding: 2px;\t\t\t\tfont-family: Ubuntu;\t\t\t\tfont-weight: bold;\t\t\t\tfont-size: 16px;\t\t\t\tcolor: #FFFFFF;\t\t\t}\t\t\t#bwg_container1_0 #bwg_container2_0 .bwg-container-0.bwg-masonry-thumbnails .bwg-ecommerce2 {\t\t\t\tcolor: #323A45;\t\t\t}\t  \t#bwg_container1_0 #bwg_container2_0 .bwg_masonry_thumbnails_0 {\t\t\t\tposition: relative;\t\t\t\tbackground-color: rgba(255, 255, 255, 0.00);\t\t\t\tfont-size: 0;\t\t\t\t\t\t\t\t\twidth: 3004px;\t\t\t\t\tmax-width: 100%;\t\t\t\t\t\t\t\t\tmax-width: 100%;\t\t\t\t\t\t\t\t\t\t\t\t\tmargin: 0 auto;\t\t\t\t\t\t\t}\t\t\t\t\t\t\t@media only screen and (max-width: 3040px) {\t\t\t\t\t#bwg_container1_0 #bwg_container2_0 .bwg_masonry_thumbnails_0 {\t\t\t\t\t\twidth: inherit;\t\t\t\t\t}\t\t\t\t}\t\t\t\t\t\t#bwg_container1_0 #bwg_container2_0 .bwg_masonry_thumb_description_0 {        color: #323A45;        line-height: 1.4;        font-size: 16px;        font-family: Ubuntu;        text-align: justify;      }      #bwg_container1_0.bwg_thumbnails_masonry .wd_error p {        color: #323A45;      }      #bwg_container1_0 #bwg_container2_0 .bwg_gal_title_0 {        background-color: rgba(0, 0, 0, 0);        color: #323A45;        display: block;        font-family: Ubuntu;        font-size: 16px;        font-weight: bold;        padding: 2px;        text-shadow: ;        text-align: center;      }      <\/style>    <div id=\"bwg_container1_0\"         class=\"bwg_container bwg_thumbnail bwg_thumbnails_masonry \"         data-right-click-protection=\"1\"         data-bwg=\"0\"         data-scroll=\"0\"         data-gallery-type=\"thumbnails_masonry\"         data-gallery-view-type=\"thumbnails_masonry\"         data-current-url=\"\/index.php\/wp-json\/wp\/v2\/pages\/72\"         data-lightbox-url=\"https:\/\/cassandradupiereux.com\/wp-admin\/admin-ajax.php?action=GalleryBox&#038;current_view=0&#038;gallery_id=1&#038;tag=0&#038;theme_id=1&#038;shortcode_id=111&#038;sort_by=order&#038;order_by=asc&#038;current_url=%2Findex.php%2Fwp-json%2Fwp%2Fv2%2Fpages%2F72\"         data-gallery-id=\"1\"         data-popup-width=\"800\"         data-popup-height=\"500\"         data-is-album=\"gallery\"         data-buttons-position=\"bottom\">      <div id=\"bwg_container2_0\">             <div id=\"ajax_loading_0\" class=\"bwg_loading_div_1\">      <div class=\"bwg_loading_div_2\">        <div class=\"bwg_loading_div_3\">          <div id=\"loading_div_0\" class=\"bwg_spider_ajax_loading\">          <\/div>        <\/div>      <\/div>    <\/div>            <form id=\"gal_front_form_0\"              class=\"bwg-hidden\"              method=\"post\"              action=\"#\"              data-current=\"0\"              data-shortcode-id=\"111\"              data-gallery-type=\"thumbnails_masonry\"              data-gallery-id=\"1\"              data-tag=\"0\"              data-album-id=\"0\"              data-theme-id=\"1\"              data-ajax-url=\"https:\/\/cassandradupiereux.com\/wp-admin\/admin-ajax.php?action=bwg_frontend_data\">          <div id=\"bwg_container3_0\" class=\"bwg-background bwg-background-0\">                <div id=\"bwg_thumbnails_masonry_0\"         data-bwg=\"0\"         data-masonry-type=\"vertical\"         data-resizable-thumbnails=\"1\"         data-max-count=\"5\"         data-thumbnail-width=\"600\"         data-thumbnail-height=\"600\"         data-thumbnail-padding=\"4\"         data-thumbnail-border=\"0\"         data-gallery-id=\"1\"         data-lightbox-url=\"https:\/\/cassandradupiereux.com\/wp-admin\/admin-ajax.php?action=GalleryBox&#038;current_view=0&#038;gallery_id=1&#038;tag=0&#038;theme_id=1&#038;shortcode_id=111&#038;sort_by=order&#038;order_by=asc&#038;current_url=%2Findex.php%2Fwp-json%2Fwp%2Fv2%2Fpages%2F72\"         class=\"bwg-container-0 bwg_masonry_thumbnails_0 bwg-masonry-thumbnails bwg-masonry-vertical bwg-container bwg-border-box\">              <div class=\"bwg-item\">          <a class=\"bwg-a  bwg_lightbox\"  data-image-id=\"15\" href=\"https:\/\/cassandradupiereux.com\/wp-content\/uploads\/photo-gallery\/Weddings\/CDF_2022-51.jpg?bwg=1698675663\" data-elementor-open-lightbox=\"no\">            <div class=\"bwg-item0\">              <div class=\"bwg-item1 bwg-zoom-effect\">      \t\t\t\t\t<img decoding=\"async\" class=\"skip-lazy bwg-masonry-thumb bwg_masonry_thumb_0 \"                       data-id=\"15\"                       data-src=\"https:\/\/cassandradupiereux.com\/wp-content\/uploads\/photo-gallery\/Weddings\/thumb\/CDF_2022-51.jpg?bwg=1698675663\"                       data-width=\"800.00\"                       data-height=\"533.00\"\t\t\t\t\t\t\t\t\t\t   src=\"https:\/\/cassandradupiereux.com\/wp-content\/uploads\/photo-gallery\/Weddings\/thumb\/CDF_2022-51.jpg?bwg=1698675663\"\t\t\t\t\t\t\t\t\t\t   alt=\"\"\t\t\t\t\t\t\t\t\t\t   title=\"\" \/>                <div class=\"bwg-zoom-effect-overlay\">                  \t\t\t\t                                            <\/div>              <\/div>            <\/div>                      <\/a>                  <\/div>              <div class=\"bwg-item\">          <a class=\"bwg-a  bwg_lightbox\"  data-image-id=\"14\" href=\"https:\/\/cassandradupiereux.com\/wp-content\/uploads\/photo-gallery\/Weddings\/Fanny_Julien-135.jpg?bwg=1698675526\" data-elementor-open-lightbox=\"no\">            <div class=\"bwg-item0\">              <div class=\"bwg-item1 bwg-zoom-effect\">      \t\t\t\t\t<img decoding=\"async\" class=\"skip-lazy bwg-masonry-thumb bwg_masonry_thumb_0 \"                       data-id=\"14\"                       data-src=\"https:\/\/cassandradupiereux.com\/wp-content\/uploads\/photo-gallery\/Weddings\/thumb\/Fanny_Julien-135.jpg?bwg=1698675526\"                       data-width=\"800.00\"                       data-height=\"533.00\"\t\t\t\t\t\t\t\t\t\t   src=\"https:\/\/cassandradupiereux.com\/wp-content\/uploads\/photo-gallery\/Weddings\/thumb\/Fanny_Julien-135.jpg?bwg=1698675526\"\t\t\t\t\t\t\t\t\t\t   alt=\"\"\t\t\t\t\t\t\t\t\t\t   title=\"\" \/>                <div class=\"bwg-zoom-effect-overlay\">                  \t\t\t\t                                            <\/div>              <\/div>            <\/div>                      <\/a>                  <\/div>              <div class=\"bwg-item\">          <a class=\"bwg-a  bwg_lightbox\"  data-image-id=\"8\" href=\"https:\/\/cassandradupiereux.com\/wp-content\/uploads\/photo-gallery\/Weddings\/CD_Portfolio-5.jpg?bwg=1698671629\" data-elementor-open-lightbox=\"no\">            <div class=\"bwg-item0\">              <div class=\"bwg-item1 bwg-zoom-effect\">      \t\t\t\t\t<img decoding=\"async\" class=\"skip-lazy bwg-masonry-thumb bwg_masonry_thumb_0 \"                       data-id=\"8\"                       data-src=\"https:\/\/cassandradupiereux.com\/wp-content\/uploads\/photo-gallery\/Weddings\/thumb\/CD_Portfolio-5.jpg?bwg=1698671629\"                       data-width=\"800.00\"                       data-height=\"533.00\"\t\t\t\t\t\t\t\t\t\t   src=\"https:\/\/cassandradupiereux.com\/wp-content\/uploads\/photo-gallery\/Weddings\/thumb\/CD_Portfolio-5.jpg?bwg=1698671629\"\t\t\t\t\t\t\t\t\t\t   alt=\"\"\t\t\t\t\t\t\t\t\t\t   title=\"\" \/>                <div class=\"bwg-zoom-effect-overlay\">                  \t\t\t\t                                            <\/div>              <\/div>            <\/div>                      <\/a>                  <\/div>              <div class=\"bwg-item\">          <a class=\"bwg-a  bwg_lightbox\"  data-image-id=\"9\" href=\"https:\/\/cassandradupiereux.com\/wp-content\/uploads\/photo-gallery\/Weddings\/CD_Portfolio-4.jpg?bwg=1698671629\" data-elementor-open-lightbox=\"no\">            <div class=\"bwg-item0\">              <div class=\"bwg-item1 bwg-zoom-effect\">      \t\t\t\t\t<img decoding=\"async\" class=\"skip-lazy bwg-masonry-thumb bwg_masonry_thumb_0 \"                       data-id=\"9\"                       data-src=\"https:\/\/cassandradupiereux.com\/wp-content\/uploads\/photo-gallery\/Weddings\/thumb\/CD_Portfolio-4.jpg?bwg=1698671629\"                       data-width=\"800.00\"                       data-height=\"533.00\"\t\t\t\t\t\t\t\t\t\t   src=\"https:\/\/cassandradupiereux.com\/wp-content\/uploads\/photo-gallery\/Weddings\/thumb\/CD_Portfolio-4.jpg?bwg=1698671629\"\t\t\t\t\t\t\t\t\t\t   alt=\"\"\t\t\t\t\t\t\t\t\t\t   title=\"\" \/>                <div class=\"bwg-zoom-effect-overlay\">                  \t\t\t\t                                            <\/div>              <\/div>            <\/div>                      <\/a>                  <\/div>          <\/div>    <style>      \/*pagination styles*\/      #bwg_container1_0 #bwg_container2_0 .tablenav-pages_0 {\t\t\t\ttext-align: center;\t\t\t\tfont-size: 12px;\t\t\t\tfont-family: Ubuntu;\t\t\t\tfont-weight: bold;\t\t\t\tcolor: #666666;\t\t\t\tmargin: 6px 0 4px;\t\t\t\tdisplay: block;      }      @media only screen and (max-width : 320px) {      #bwg_container1_0 #bwg_container2_0 .displaying-num_0 {     \t display: none;      }      }      #bwg_container1_0 #bwg_container2_0 .displaying-num_0 {\t\t\t\tfont-size: 12px;\t\t\t\tfont-family: Ubuntu;\t\t\t\tfont-weight: bold;\t\t\t\tcolor: #666666;\t\t\t\tmargin-right: 10px;\t\t\t\tvertical-align: middle;      }      #bwg_container1_0 #bwg_container2_0 .paging-input_0 {\t\t\t\tfont-size: 12px;\t\t\t\tfont-family: Ubuntu;\t\t\t\tfont-weight: bold;\t\t\t\tcolor: #666666;\t\t\t\tvertical-align: middle;      }      #bwg_container1_0 #bwg_container2_0 .tablenav-pages_0 a.disabled,      #bwg_container1_0 #bwg_container2_0 .tablenav-pages_0 a.disabled:hover,      #bwg_container1_0 #bwg_container2_0 .tablenav-pages_0 a.disabled:focus,\t\t\t#bwg_container1_0 #bwg_container2_0 .tablenav-pages_0 input.bwg_current_page {\t\t\t\tcursor: default;\t\t\t\tcolor: rgba(102, 102, 102, 0.5);      }      #bwg_container1_0 #bwg_container2_0 .tablenav-pages_0 a,      #bwg_container1_0 #bwg_container2_0 .tablenav-pages_0 input.bwg_current_page {\t\t\t\tcursor: pointer;\t\t\t\ttext-align: center;\t\t\t\tfont-size: 12px;\t\t\t\tfont-family: Ubuntu;\t\t\t\tfont-weight: bold;\t\t\t\tcolor: #666666;\t\t\t\ttext-decoration: none;\t\t\t\tpadding: 3px 6px;\t\t\t\tmargin: 0;\t\t\t\tborder-radius: 0;\t\t\t\tborder-style: solid;\t\t\t\tborder-width: 1px;\t\t\t\tborder-color: #E3E3E3;\t\t\t\t\t\t\t\tbackground-color: rgba(255, 255, 255, 1.00);\t\t\t\tbox-shadow: 0;\t\t\t\ttransition: all 0.3s ease 0s;-webkit-transition: all 0.3s ease 0s;      }      <\/style>      <span class=\"bwg_nav_cont_0\">              <div class=\"tablenav-pages_0\">                  <\/div>                <input type=\"hidden\" id=\"page_number_0\" name=\"page_number_0\" value=\"1\" \/>      <script type=\"text\/javascript\">        if( jQuery('.bwg_nav_cont_0').length > 1 ) {          jQuery('.bwg_nav_cont_0').first().remove()        }        function spider_page_0(cur, x, y, load_more) {          if (typeof load_more == \"undefined\") {            var load_more = false;          }          if (jQuery(cur).hasClass('disabled')) {            return false;          }          var items_county_0 = 1;          switch (y) {            case 1:              if (x >= items_county_0) {                document.getElementById('page_number_0').value = items_county_0;              }              else {                document.getElementById('page_number_0').value = x + 1;              }              break;            case 2:              document.getElementById('page_number_0').value = items_county_0;              break;            case -1:              if (x == 1) {                document.getElementById('page_number_0').value = 1;              }              else {                document.getElementById('page_number_0').value = x - 1;              }              break;            case -2:              document.getElementById('page_number_0').value = 1;              break;\t\t\t\t\t\tcase 0:              document.getElementById('page_number_0').value = x;              break;            default:              document.getElementById('page_number_0').value = 1;          }          bwg_ajax('gal_front_form_0', '0', 'bwg_thumbnails_masonry_0', '0', '', 'gallery', 0, '', '', load_more, '', 1);        }                    jQuery('.first-page-0').on('click', function () {              spider_page_0(this, 1, -2, 'numeric');              return false;            });            jQuery('.prev-page-0').on('click', function () {              spider_page_0(this, 1, -1, 'numeric');              return false;            });            jQuery('.next-page-0').on('click', function () {              spider_page_0(this, 1, 1, 'numeric');              return false;            });            jQuery('.last-page-0').on('click', function () {              spider_page_0(this, 1, 2, 'numeric');              return false;            });        \t\t\t\t\/* Change page on input enter. *\/        function bwg_change_page_0( e, that ) {          if (  e.key == 'Enter' ) {            var to_page = parseInt(jQuery(that).val());            var pages_count = jQuery(that).parents(\".pagination-links\").data(\"pages-count\");            var current_url_param = jQuery(that).attr('data-url-info');            if (to_page > pages_count) {              to_page = 1;            }\t \t\t\t\t\t\t\t\t\t\t\t\tspider_page_0(this, to_page, 0, 'numeric');\t\t\t\t\t\t\treturn false;\t\t\t\t\t\t          }          return true;        }        jQuery('.bwg_load_btn_0').on('click', function () {            spider_page_0(this, 1, 1, true);            return false;        });      <\/script>      <\/span>                <\/div>        <\/form>        <style>          #bwg_container1_0 #bwg_container2_0 #spider_popup_overlay_0 {          background-color: #EEEEEE;          opacity: 0.60;          }          <\/style>        <div id=\"bwg_spider_popup_loading_0\" class=\"bwg_spider_popup_loading\"><\/div>        <div id=\"spider_popup_overlay_0\" class=\"spider_popup_overlay\" onclick=\"spider_destroypopup(1000)\"><\/div>        <input type=\"hidden\" id=\"bwg_random_seed_0\" value=\"1541907828\">                <\/div>    <\/div>    <script>      if (document.readyState === 'complete') {        if( typeof bwg_main_ready == 'function' ) {          if ( jQuery(\"#bwg_container1_0\").height() ) {            bwg_main_ready(jQuery(\"#bwg_container1_0\"));          }        }      } else {        document.addEventListener('DOMContentLoaded', function() {          if( typeof bwg_main_ready == 'function' ) {            if ( jQuery(\"#bwg_container1_0\").height() ) {             bwg_main_ready(jQuery(\"#bwg_container1_0\"));            }          }        });      }    <\/script>    \n<\/div>\n\n\n\n<hr class=\"wp-block-separator has-css-opacity is-style-default\"\/>\n\n\n\n<div class=\"wp-block-buttons alignwide is-content-justification-center is-layout-flex wp-container-core-buttons-is-layout-a89b3969 wp-block-buttons-is-layout-flex\">\n<div class=\"wp-block-button\"><a class=\"wp-block-button__link wp-element-button\" href=\"https:\/\/cassandradupiereux.com\/index.php\/tarifs\/\">Consulter les tarifs<\/a><\/div>\n\n\n\n<div class=\"wp-block-button\"><a class=\"wp-block-button__link wp-element-button\" href=\"https:\/\/cassandradupiereux.com\/index.php\/devis\/\" rel=\"https:\/\/cassandradupiereux.com\/index.php\/devis\/\">Demander un Devis<\/a><\/div>\n<\/div>\n","protected":false},"excerpt":{"rendered":"<p>Vous avez d\u00e9cid\u00e9 de franchir le pas? \ud83d\udc8dJe vous propose d\u2019immortaliser cette journ\u00e9e siparticuli\u00e8re, en vous suivant lors des diff\u00e9rentes\u00e9tapes de la journ\u00e9e.Vos invit\u00e9s pourront pleinement profiter del\u2019\u00e9v\u00e9nement, car je serai l\u00e0 pour capter cespetits (et grands!) moments qui marquent une\u00e9tape importante de votre vie de couple!Libre \u00e0 vous, par la suite, de donner la [&hellip;]<\/p>\n","protected":false},"author":1,"featured_media":0,"parent":0,"menu_order":0,"comment_status":"closed","ping_status":"closed","template":"","meta":{"footnotes":""},"class_list":["post-72","page","type-page","status-publish","hentry"],"_links":{"self":[{"href":"https:\/\/cassandradupiereux.com\/index.php\/wp-json\/wp\/v2\/pages\/72","targetHints":{"allow":["GET"]}}],"collection":[{"href":"https:\/\/cassandradupiereux.com\/index.php\/wp-json\/wp\/v2\/pages"}],"about":[{"href":"https:\/\/cassandradupiereux.com\/index.php\/wp-json\/wp\/v2\/types\/page"}],"author":[{"embeddable":true,"href":"https:\/\/cassandradupiereux.com\/index.php\/wp-json\/wp\/v2\/users\/1"}],"replies":[{"embeddable":true,"href":"https:\/\/cassandradupiereux.com\/index.php\/wp-json\/wp\/v2\/comments?post=72"}],"version-history":[{"count":24,"href":"https:\/\/cassandradupiereux.com\/index.php\/wp-json\/wp\/v2\/pages\/72\/revisions"}],"predecessor-version":[{"id":489,"href":"https:\/\/cassandradupiereux.com\/index.php\/wp-json\/wp\/v2\/pages\/72\/revisions\/489"}],"wp:attachment":[{"href":"https:\/\/cassandradupiereux.com\/index.php\/wp-json\/wp\/v2\/media?parent=72"}],"curies":[{"name":"wp","href":"https:\/\/api.w.org\/{rel}","templated":true}]}}