{"id":83,"date":"2023-04-21T04:38:07","date_gmt":"2023-04-21T02:38:07","guid":{"rendered":"https:\/\/cassandradupiereux.com\/?page_id=83"},"modified":"2023-11-12T16:43:26","modified_gmt":"2023-11-12T15:43:26","slug":"tarifs","status":"publish","type":"page","link":"https:\/\/cassandradupiereux.com\/index.php\/tarifs\/","title":{"rendered":"Tarifs"},"content":{"rendered":"\n<div class=\"wp-block-group alignwide is-style-default is-layout-constrained wp-block-group-is-layout-constrained\">\n<div class=\"wp-block-group is-layout-constrained wp-block-group-is-layout-constrained\">\n<div class=\"wp-block-cover aligncenter is-style-default\" style=\"min-height:221px;aspect-ratio:unset;\"><span aria-hidden=\"true\" class=\"wp-block-cover__background has-background-dim-0 has-background-dim\"><\/span><img loading=\"lazy\" decoding=\"async\" width=\"2560\" height=\"2560\" class=\"wp-block-cover__image-background wp-image-429\" alt=\"\" src=\"https:\/\/cassandradupiereux.com\/wp-content\/uploads\/2023\/10\/CD_Portfolio-16-scaled.jpg\" style=\"object-position:57% 36%\" data-object-fit=\"cover\" data-object-position=\"57% 36%\" srcset=\"https:\/\/cassandradupiereux.com\/wp-content\/uploads\/2023\/10\/CD_Portfolio-16-scaled.jpg 2560w, https:\/\/cassandradupiereux.com\/wp-content\/uploads\/2023\/10\/CD_Portfolio-16-300x300.jpg 300w, https:\/\/cassandradupiereux.com\/wp-content\/uploads\/2023\/10\/CD_Portfolio-16-1024x1024.jpg 1024w, https:\/\/cassandradupiereux.com\/wp-content\/uploads\/2023\/10\/CD_Portfolio-16-150x150.jpg 150w, https:\/\/cassandradupiereux.com\/wp-content\/uploads\/2023\/10\/CD_Portfolio-16-768x768.jpg 768w, https:\/\/cassandradupiereux.com\/wp-content\/uploads\/2023\/10\/CD_Portfolio-16-1536x1536.jpg 1536w, https:\/\/cassandradupiereux.com\/wp-content\/uploads\/2023\/10\/CD_Portfolio-16-2048x2048.jpg 2048w, https:\/\/cassandradupiereux.com\/wp-content\/uploads\/2023\/10\/CD_Portfolio-16-1170x1170.jpg 1170w\" sizes=\"auto, (max-width: 2560px) 100vw, 2560px\" \/><div class=\"wp-block-cover__inner-container is-layout-flow wp-block-cover-is-layout-flow\">\n<p class=\"has-text-align-center has-background-color has-text-color has-alt-font-family\" style=\"font-size:4rem;font-style:normal;font-weight:300\">Particuliers<\/p>\n<\/div><\/div>\n<\/div>\n\n\n\n<div class=\"wp-block-columns alignwide is-layout-flex wp-container-core-columns-is-layout-d2da2050 wp-block-columns-is-layout-flex\" style=\"margin-bottom:0\">\n<div class=\"wp-block-column has-text-lighter-background-color has-text-color has-background has-link-color wp-elements-015281def3eadb9811912283395cc402 is-layout-flow wp-block-column-is-layout-flow\" style=\"color:#000000;padding-top:2em;padding-right:2em;padding-bottom:2em;padding-left:2em\">\n<h2 class=\"wp-block-heading\" id=\"single\" style=\"font-size:40px\">Base<\/h2>\n\n\n\n<p class=\"has-normal-font-size\" style=\"line-height:1.5\">S\u00e9ance portrait ou \u00e9v\u00e9nement simple, de courte dur\u00e9e, int\u00e9rieur ou ext\u00e9rieur.<\/p>\n\n\n\n<hr class=\"wp-block-separator has-text-color has-css-opacity has-background is-style-wide\" style=\"background-color:#000000;color:#000000\"\/>\n\n\n\n<ul class=\"has-normal-font-size wp-block-list\">\n<li>Maximum 3h de prise de vue.<\/li>\n\n\n\n<li>Envoi des images en HD via un lien t\u00e9l\u00e9chargeable.<\/li>\n<\/ul>\n\n\n\n<div class=\"wp-block-buttons alignfull is-horizontal is-content-justification-center is-layout-flex wp-container-core-buttons-is-layout-03627597 wp-block-buttons-is-layout-flex\">\n<div class=\"wp-block-button has-custom-width wp-block-button__width-100 is-style-fill\"><a class=\"wp-block-button__link has-white-color has-text-color has-background no-border-radius wp-element-button\" href=\"https:\/\/cassandradupiereux.com\/index.php\/devis\/\" style=\"background-color:#000000\">A partir de 200\u20ac<\/a><\/div>\n<\/div>\n<\/div>\n\n\n\n<div class=\"wp-block-column has-background-color has-text-regular-background-color has-text-color has-background has-link-color wp-elements-903f0ce97d3a1e4c7517b586c3ad4910 is-layout-flow wp-block-column-is-layout-flow\" style=\"padding-top:2em;padding-right:2em;padding-bottom:2em;padding-left:2em\">\n<h2 class=\"wp-block-heading\" id=\"patron\" style=\"font-size:40px\">Premium<\/h2>\n\n\n\n<p class=\"has-text-lighter-color has-text-color has-normal-font-size\">S\u00e9ance portrait ou \u00e9v\u00e9nement sur une plus longue dur\u00e9e, int\u00e9rieur ou ext\u00e9rieur.<\/p>\n\n\n\n<hr class=\"wp-block-separator has-css-opacity is-style-wide\"\/>\n\n\n\n<ul class=\"has-background-color has-text-color has-normal-font-size wp-block-list\">\n<li>Maximum 8h de prise de vue.<\/li>\n\n\n\n<li>Envoi des images en HD via un lien t\u00e9l\u00e9chargeable + Album personnalis\u00e9.<\/li>\n<\/ul>\n\n\n\n<div class=\"wp-block-buttons alignfull is-horizontal is-content-justification-center is-layout-flex wp-container-core-buttons-is-layout-03627597 wp-block-buttons-is-layout-flex\">\n<div class=\"wp-block-button has-custom-width wp-block-button__width-100\"><a class=\"wp-block-button__link has-white-color has-text-color has-background no-border-radius wp-element-button\" href=\"https:\/\/cassandradupiereux.com\/index.php\/devis\/\" style=\"background-color:#000000\">A partir de 500\u20ac<\/a><\/div>\n<\/div>\n<\/div>\n<\/div>\n<\/div>\n\n\n\n<hr class=\"wp-block-separator alignwide has-text-color has-text-regular-color has-alpha-channel-opacity has-text-regular-background-color has-background is-style-default\"\/>\n\n\n\n<div class=\"wp-block-group alignwide is-style-default is-layout-constrained wp-block-group-is-layout-constrained\">\n<div class=\"wp-block-group is-layout-constrained wp-block-group-is-layout-constrained\">\n<div class=\"wp-block-cover aligncenter is-light is-style-default\" style=\"min-height:212px;aspect-ratio:unset;\"><span aria-hidden=\"true\" class=\"wp-block-cover__background has-background-dim-0 has-background-dim\"><\/span><img loading=\"lazy\" decoding=\"async\" width=\"2560\" height=\"1707\" class=\"wp-block-cover__image-background wp-image-452\" alt=\"\" src=\"https:\/\/cassandradupiereux.com\/wp-content\/uploads\/2023\/10\/CD_Portfolio-4-scaled.jpg\" style=\"object-position:59% 39%\" data-object-fit=\"cover\" data-object-position=\"59% 39%\" srcset=\"https:\/\/cassandradupiereux.com\/wp-content\/uploads\/2023\/10\/CD_Portfolio-4-scaled.jpg 2560w, https:\/\/cassandradupiereux.com\/wp-content\/uploads\/2023\/10\/CD_Portfolio-4-300x200.jpg 300w, https:\/\/cassandradupiereux.com\/wp-content\/uploads\/2023\/10\/CD_Portfolio-4-1024x683.jpg 1024w, https:\/\/cassandradupiereux.com\/wp-content\/uploads\/2023\/10\/CD_Portfolio-4-768x512.jpg 768w, https:\/\/cassandradupiereux.com\/wp-content\/uploads\/2023\/10\/CD_Portfolio-4-1536x1024.jpg 1536w, https:\/\/cassandradupiereux.com\/wp-content\/uploads\/2023\/10\/CD_Portfolio-4-2048x1365.jpg 2048w, https:\/\/cassandradupiereux.com\/wp-content\/uploads\/2023\/10\/CD_Portfolio-4-1170x780.jpg 1170w\" sizes=\"auto, (max-width: 2560px) 100vw, 2560px\" \/><div class=\"wp-block-cover__inner-container is-layout-flow wp-block-cover-is-layout-flow\">\n<p class=\"has-text-align-center has-background-color has-text-color has-alt-font-family\" style=\"font-size:4rem;font-style:normal;font-weight:300\">Mariages<\/p>\n<\/div><\/div>\n<\/div>\n\n\n\n<div class=\"wp-block-columns alignwide is-layout-flex wp-container-core-columns-is-layout-d2da2050 wp-block-columns-is-layout-flex\" style=\"margin-bottom:0\">\n<div class=\"wp-block-column has-text-lighter-background-color has-text-color has-background has-link-color wp-elements-ab4df8f504b8043ad7e6125b6542f550 is-layout-flow wp-block-column-is-layout-flow\" style=\"color:#000000;padding-top:2em;padding-right:2em;padding-bottom:2em;padding-left:2em\">\n<h1 class=\"wp-block-heading\" id=\"single\" style=\"font-size:34px\">Base<\/h1>\n\n\n\n<p class=\"has-normal-font-size\" style=\"line-height:1.5\">Pour aller \u00e0 l&#8217;essentiel sans vider son portefeuille!<\/p>\n\n\n\n<hr class=\"wp-block-separator has-text-color has-css-opacity has-background is-style-wide\" style=\"background-color:#000000;color:#000000\"\/>\n\n\n\n<ul class=\"has-normal-font-size wp-block-list\">\n<li>Mariage Civil\/Religieux<\/li>\n\n\n\n<li>S\u00e9ance de couple<\/li>\n\n\n\n<li>Ap\u00e9ritif<\/li>\n<\/ul>\n\n\n\n<div class=\"wp-block-buttons alignfull is-horizontal is-content-justification-center is-layout-flex wp-container-core-buttons-is-layout-03627597 wp-block-buttons-is-layout-flex\">\n<div class=\"wp-block-button has-custom-width wp-block-button__width-100\"><a class=\"wp-block-button__link has-white-color has-text-color has-background no-border-radius wp-element-button\" href=\"https:\/\/cassandradupiereux.com\/index.php\/devis\/\" style=\"background-color:#000000\">A partir de 600\u20ac<\/a><\/div>\n<\/div>\n<\/div>\n\n\n\n<div class=\"wp-block-column has-text-light-background-color has-text-color has-background has-link-color wp-elements-9778d23c2c71add93abae474f750a955 is-layout-flow wp-block-column-is-layout-flow\" style=\"color:#000000;padding-top:2em;padding-right:2em;padding-bottom:2em;padding-left:2em\">\n<h1 class=\"wp-block-heading has-stroke-color has-text-color\" id=\"family\" style=\"font-size:34px\">Confort<\/h1>\n\n\n\n<p class=\"has-stroke-color has-text-color has-normal-font-size\" style=\"line-height:1.5\">Pour prendre le temps de refl\u00e9ter l&#8217;ambiance du jour.<\/p>\n\n\n\n<hr class=\"wp-block-separator has-css-opacity is-style-wide\"\/>\n\n\n\n<ul class=\"has-background-light-color has-text-color has-normal-font-size wp-block-list\">\n<li>Pr\u00e9paratifs<\/li>\n\n\n\n<li>Mariage Civil\/Religieux<\/li>\n\n\n\n<li>S\u00e9ance de couple + Famille<\/li>\n\n\n\n<li>Ap\u00e9ritif, jusqu&#8217;au bal d&#8217;ouverture compris.<\/li>\n\n\n\n<li>Album personnalis\u00e9 en suppl\u00e9ment.<\/li>\n<\/ul>\n\n\n\n<div class=\"wp-block-buttons alignfull is-horizontal is-content-justification-center is-layout-flex wp-container-core-buttons-is-layout-03627597 wp-block-buttons-is-layout-flex\">\n<div class=\"wp-block-button has-custom-width wp-block-button__width-100 is-style-fill\"><a class=\"wp-block-button__link has-white-color has-text-color has-background no-border-radius wp-element-button\" href=\"https:\/\/cassandradupiereux.com\/index.php\/devis\/\" style=\"background-color:#000000\">A partir de 1200\u20ac<\/a><\/div>\n<\/div>\n<\/div>\n\n\n\n<div class=\"wp-block-column has-background-color has-text-regular-background-color has-text-color has-background has-link-color wp-elements-79d02e15e1bc0be0c34e48290d6a02f7 is-layout-flow wp-block-column-is-layout-flow\" style=\"padding-top:2em;padding-right:2em;padding-bottom:2em;padding-left:2em\">\n<h1 class=\"wp-block-heading\" id=\"patron\" style=\"font-size:34px\">Premium<\/h1>\n\n\n\n<p class=\"has-text-lighter-color has-text-color has-normal-font-size\">Pour ne rien manquer!<\/p>\n\n\n\n<hr class=\"wp-block-separator has-css-opacity is-style-wide\"\/>\n\n\n\n<ul class=\"has-background-color has-text-color has-normal-font-size wp-block-list\">\n<li>Pr\u00e9paratifs<\/li>\n\n\n\n<li>Mariage Civil\/Religieux<\/li>\n\n\n\n<li>S\u00e9ance de couple + Famille<\/li>\n\n\n\n<li>Ap\u00e9ritif et soir\u00e9e.<\/li>\n\n\n\n<li>Album personnalis\u00e9 compris<\/li>\n<\/ul>\n\n\n\n<div class=\"wp-block-buttons alignfull is-horizontal is-content-justification-center is-layout-flex wp-container-core-buttons-is-layout-03627597 wp-block-buttons-is-layout-flex\">\n<div class=\"wp-block-button has-custom-width wp-block-button__width-100\"><a class=\"wp-block-button__link has-white-color has-text-color has-background no-border-radius wp-element-button\" href=\"https:\/\/cassandradupiereux.com\/index.php\/devis\/\" style=\"background-color:#000000\">A partir de 1800\u20ac<\/a><\/div>\n<\/div>\n<\/div>\n<\/div>\n<\/div>\n\n\n\n<hr class=\"wp-block-separator alignwide has-text-color has-text-regular-color has-alpha-channel-opacity has-text-regular-background-color has-background is-style-default\" style=\"margin-top:var(--wp--preset--spacing--40);margin-bottom:var(--wp--preset--spacing--40)\"\/>\n\n\n\n<div class=\"wp-block-group alignwide is-style-default is-layout-constrained wp-block-group-is-layout-constrained\">\n<div class=\"wp-block-group is-layout-constrained wp-block-group-is-layout-constrained\">\n<div class=\"wp-block-cover aligncenter is-style-default\" style=\"min-height:203px;aspect-ratio:unset;\"><span aria-hidden=\"true\" class=\"wp-block-cover__background has-background-dim-0 has-background-dim\"><\/span><img loading=\"lazy\" decoding=\"async\" width=\"2000\" height=\"1143\" class=\"wp-block-cover__image-background wp-image-389\" alt=\"\" src=\"https:\/\/cassandradupiereux.com\/wp-content\/uploads\/2023\/10\/55828.jpg\" data-object-fit=\"cover\" srcset=\"https:\/\/cassandradupiereux.com\/wp-content\/uploads\/2023\/10\/55828.jpg 2000w, https:\/\/cassandradupiereux.com\/wp-content\/uploads\/2023\/10\/55828-300x171.jpg 300w, https:\/\/cassandradupiereux.com\/wp-content\/uploads\/2023\/10\/55828-1024x585.jpg 1024w, https:\/\/cassandradupiereux.com\/wp-content\/uploads\/2023\/10\/55828-768x439.jpg 768w, https:\/\/cassandradupiereux.com\/wp-content\/uploads\/2023\/10\/55828-1536x878.jpg 1536w, https:\/\/cassandradupiereux.com\/wp-content\/uploads\/2023\/10\/55828-1170x669.jpg 1170w\" sizes=\"auto, (max-width: 2000px) 100vw, 2000px\" \/><div class=\"wp-block-cover__inner-container is-layout-flow wp-block-cover-is-layout-flow\">\n<p class=\"has-text-align-center has-background-color has-text-color has-alt-font-family\" style=\"font-size:4rem;font-style:normal;font-weight:300\">Entreprises<\/p>\n<\/div><\/div>\n<\/div>\n\n\n\n<div class=\"wp-block-columns alignwide is-layout-flex wp-container-core-columns-is-layout-d2da2050 wp-block-columns-is-layout-flex\" style=\"margin-bottom:0\">\n<div class=\"wp-block-column has-background-light-background-color has-text-color has-background has-link-color wp-elements-c1b7b255c328b09a53c10ebfa065fe6c is-layout-flow wp-block-column-is-layout-flow\" style=\"color:#000000;padding-top:2em;padding-right:2em;padding-bottom:2em;padding-left:2em\">\n<h2 class=\"wp-block-heading\" id=\"single\" style=\"font-size:40px\">A l&#8217;heure<\/h2>\n\n\n\n<p class=\"has-normal-font-size\" style=\"line-height:1.5\">Pour des \u00e9v\u00e9nements ponctuels<\/p>\n\n\n\n<hr class=\"wp-block-separator has-text-color has-css-opacity has-background is-style-wide\" style=\"background-color:#000000;color:#000000\"\/>\n\n\n\n<ul class=\"has-normal-font-size wp-block-list\">\n<li>Meeting pr\u00e9alable compris<\/li>\n\n\n\n<li>Maximum 8h de prises de vue<\/li>\n\n\n\n<li>Envoi des images en HD via un lien t\u00e9l\u00e9chargeable<\/li>\n<\/ul>\n\n\n\n<div class=\"wp-block-buttons alignfull is-horizontal is-content-justification-center is-layout-flex wp-container-core-buttons-is-layout-03627597 wp-block-buttons-is-layout-flex\">\n<div class=\"wp-block-button has-custom-width wp-block-button__width-100\"><a class=\"wp-block-button__link has-white-color has-text-color has-background no-border-radius wp-element-button\" href=\"https:\/\/cassandradupiereux.com\/index.php\/devis\/\" style=\"background-color:#000000\">150\u20ac\/heure TTC<\/a><\/div>\n<\/div>\n<\/div>\n\n\n\n<div class=\"wp-block-column has-text-light-background-color has-text-color has-background has-link-color wp-elements-3adafa4ed3563266dcf278ea21c75b7d is-layout-flow wp-block-column-is-layout-flow\" style=\"color:#000000;padding-top:2em;padding-right:2em;padding-bottom:2em;padding-left:2em\">\n<h2 class=\"wp-block-heading has-stroke-color has-text-color\" id=\"family\" style=\"font-size:40px\">A la tache<\/h2>\n\n\n\n<p class=\"has-stroke-color has-text-color has-normal-font-size\" style=\"line-height:1.5\">Pour un projet en particulier<\/p>\n\n\n\n<hr class=\"wp-block-separator has-css-opacity is-style-wide\"\/>\n\n\n\n<ul class=\"has-background-light-color has-text-color has-normal-font-size wp-block-list\">\n<li>Meeting pr\u00e9alable compris<\/li>\n\n\n\n<li>Envoi des images en HD via un lien t\u00e9l\u00e9chargeable<\/li>\n\n\n\n<li>Envoi des images aux formats adapt\u00e9s \u00e0 leur futures utilisations<\/li>\n<\/ul>\n\n\n\n<div class=\"wp-block-buttons alignfull is-horizontal is-content-justification-center is-layout-flex wp-container-core-buttons-is-layout-03627597 wp-block-buttons-is-layout-flex\">\n<div class=\"wp-block-button has-custom-width wp-block-button__width-100 is-style-fill\"><a class=\"wp-block-button__link has-white-color has-text-color has-background no-border-radius wp-element-button\" href=\"https:\/\/cassandradupiereux.com\/index.php\/devis\/\" style=\"background-color:#000000\">Sur devis<\/a><\/div>\n<\/div>\n<\/div>\n<\/div>\n<\/div>\n","protected":false},"excerpt":{"rendered":"<p>Base S\u00e9ance portrait ou \u00e9v\u00e9nement simple, de courte dur\u00e9e, int\u00e9rieur ou ext\u00e9rieur. Premium S\u00e9ance portrait ou \u00e9v\u00e9nement sur une plus longue dur\u00e9e, int\u00e9rieur ou ext\u00e9rieur. Base Pour aller \u00e0 l&#8217;essentiel sans vider son portefeuille! Confort Pour prendre le temps de refl\u00e9ter l&#8217;ambiance du jour. Premium Pour ne rien manquer! A l&#8217;heure Pour des \u00e9v\u00e9nements ponctuels [&hellip;]<\/p>\n","protected":false},"author":1,"featured_media":0,"parent":0,"menu_order":0,"comment_status":"closed","ping_status":"closed","template":"","meta":{"footnotes":""},"class_list":["post-83","page","type-page","status-publish","hentry"],"_links":{"self":[{"href":"https:\/\/cassandradupiereux.com\/index.php\/wp-json\/wp\/v2\/pages\/83","targetHints":{"allow":["GET"]}}],"collection":[{"href":"https:\/\/cassandradupiereux.com\/index.php\/wp-json\/wp\/v2\/pages"}],"about":[{"href":"https:\/\/cassandradupiereux.com\/index.php\/wp-json\/wp\/v2\/types\/page"}],"author":[{"embeddable":true,"href":"https:\/\/cassandradupiereux.com\/index.php\/wp-json\/wp\/v2\/users\/1"}],"replies":[{"embeddable":true,"href":"https:\/\/cassandradupiereux.com\/index.php\/wp-json\/wp\/v2\/comments?post=83"}],"version-history":[{"count":18,"href":"https:\/\/cassandradupiereux.com\/index.php\/wp-json\/wp\/v2\/pages\/83\/revisions"}],"predecessor-version":[{"id":495,"href":"https:\/\/cassandradupiereux.com\/index.php\/wp-json\/wp\/v2\/pages\/83\/revisions\/495"}],"wp:attachment":[{"href":"https:\/\/cassandradupiereux.com\/index.php\/wp-json\/wp\/v2\/media?parent=83"}],"curies":[{"name":"wp","href":"https:\/\/api.w.org\/{rel}","templated":true}]}}