{"id":96,"date":"2023-04-21T05:27:35","date_gmt":"2023-04-21T03:27:35","guid":{"rendered":"https:\/\/cassandradupiereux.com\/?page_id=96"},"modified":"2023-09-02T05:33:43","modified_gmt":"2023-09-02T03:33:43","slug":"devis","status":"publish","type":"page","link":"https:\/\/cassandradupiereux.com\/index.php\/devis\/","title":{"rendered":"Devis"},"content":{"rendered":"\n<div class=\"wp-block-group alignwide is-style-no-spacing is-style-default has-secondary-background-color has-background is-layout-constrained wp-block-group-is-layout-constrained\" style=\"padding-top:100px;padding-bottom:100px\">\n<div class=\"wp-block-columns is-layout-flex wp-container-core-columns-is-layout-0ed4713c wp-block-columns-is-layout-flex\">\n<div class=\"wp-block-column is-layout-flow wp-block-column-is-layout-flow\" style=\"flex-basis:50%\">\n<h2 class=\"wp-block-heading has-medium-font-size\" id=\"join-the-newsletter-to-get-the-daily-tips-latest-articles-and-free-stuffs-delivered-directly-to-your-inbox\" style=\"line-height:1.5\">Veuillez envoyer votre demande comprenant la formule souhait\u00e9e* \u00e0 l&#8217;adresse:<\/h2>\n\n\n\n<p>info@cassandradupiereux.com<\/p>\n\n\n\n<p class=\"has-small-font-size\">*si votre demande ne se retrouve dans aucune formule, n&#8217;h\u00e9sitez pas \u00e0 venir en discuter avec moi!<\/p>\n<\/div>\n\n\n\n<div class=\"wp-block-column is-layout-flow wp-block-column-is-layout-flow\" style=\"flex-basis:50%\">\n<figure class=\"wp-block-image size-large is-resized is-style-default\"><img loading=\"lazy\" decoding=\"async\" src=\"https:\/\/cassandradupiereux.com\/wp-content\/uploads\/2023\/04\/closed-notebook-leather-cover-sheet-white-paper-felt-brown-hat-camera-big-magnifier-isolated-black-aged-wood-table-1024x692.jpg\" alt=\"\" class=\"wp-image-97\" style=\"width:338px;height:227px\" width=\"338\" height=\"227\" srcset=\"https:\/\/cassandradupiereux.com\/wp-content\/uploads\/2023\/04\/closed-notebook-leather-cover-sheet-white-paper-felt-brown-hat-camera-big-magnifier-isolated-black-aged-wood-table-1024x692.jpg 1024w, https:\/\/cassandradupiereux.com\/wp-content\/uploads\/2023\/04\/closed-notebook-leather-cover-sheet-white-paper-felt-brown-hat-camera-big-magnifier-isolated-black-aged-wood-table-768x519.jpg 768w, https:\/\/cassandradupiereux.com\/wp-content\/uploads\/2023\/04\/closed-notebook-leather-cover-sheet-white-paper-felt-brown-hat-camera-big-magnifier-isolated-black-aged-wood-table-1536x1038.jpg 1536w, https:\/\/cassandradupiereux.com\/wp-content\/uploads\/2023\/04\/closed-notebook-leather-cover-sheet-white-paper-felt-brown-hat-camera-big-magnifier-isolated-black-aged-wood-table-2048x1384.jpg 2048w\" sizes=\"auto, (max-width: 338px) 100vw, 338px\" \/><\/figure>\n<\/div>\n<\/div>\n<\/div>\n","protected":false},"excerpt":{"rendered":"<p>Veuillez envoyer votre demande comprenant la formule souhait\u00e9e* \u00e0 l&#8217;adresse: info@cassandradupiereux.com *si votre demande ne se retrouve dans aucune formule, n&#8217;h\u00e9sitez pas \u00e0 venir en discuter avec moi!<\/p>\n","protected":false},"author":1,"featured_media":0,"parent":0,"menu_order":0,"comment_status":"closed","ping_status":"closed","template":"","meta":{"footnotes":""},"class_list":["post-96","page","type-page","status-publish","hentry"],"_links":{"self":[{"href":"https:\/\/cassandradupiereux.com\/index.php\/wp-json\/wp\/v2\/pages\/96","targetHints":{"allow":["GET"]}}],"collection":[{"href":"https:\/\/cassandradupiereux.com\/index.php\/wp-json\/wp\/v2\/pages"}],"about":[{"href":"https:\/\/cassandradupiereux.com\/index.php\/wp-json\/wp\/v2\/types\/page"}],"author":[{"embeddable":true,"href":"https:\/\/cassandradupiereux.com\/index.php\/wp-json\/wp\/v2\/users\/1"}],"replies":[{"embeddable":true,"href":"https:\/\/cassandradupiereux.com\/index.php\/wp-json\/wp\/v2\/comments?post=96"}],"version-history":[{"count":4,"href":"https:\/\/cassandradupiereux.com\/index.php\/wp-json\/wp\/v2\/pages\/96\/revisions"}],"predecessor-version":[{"id":346,"href":"https:\/\/cassandradupiereux.com\/index.php\/wp-json\/wp\/v2\/pages\/96\/revisions\/346"}],"wp:attachment":[{"href":"https:\/\/cassandradupiereux.com\/index.php\/wp-json\/wp\/v2\/media?parent=96"}],"curies":[{"name":"wp","href":"https:\/\/api.w.org\/{rel}","templated":true}]}}